{"id":4423,"date":"2024-10-01T13:05:16","date_gmt":"2024-10-01T17:05:16","guid":{"rendered":"https:\/\/www.mtcriativo.mt.gov.br\/?page_id=4423"},"modified":"2024-10-01T13:17:05","modified_gmt":"2024-10-01T17:17:05","slug":"mt-queer-faz-historia-na-copa-do-mundo-das-web-series-em-new-jersey-e-conquista-premio-internacional","status":"publish","type":"page","link":"https:\/\/www.mtcriativo.mt.gov.br\/index.php\/mt-queer-faz-historia-na-copa-do-mundo-das-web-series-em-new-jersey-e-conquista-premio-internacional\/","title":{"rendered":"MT Queer faz hist\u00f3ria na Copa do Mundo das Web S\u00e9ries em New Jersey e conquista pr\u00eamio internacional"},"content":{"rendered":"\t\t<div data-elementor-type=\"wp-page\" data-elementor-id=\"4423\" class=\"elementor elementor-4423\" data-elementor-settings=\"[]\">\n\t\t\t\t\t\t<div class=\"elementor-inner\">\n\t\t\t\t\t\t\t<div class=\"elementor-section-wrap\">\n\t\t\t\t\t\t\t<section class=\"elementor-section elementor-top-section elementor-element elementor-element-e239ee3 elementor-section-boxed elementor-section-height-default elementor-section-height-default\" data-id=\"e239ee3\" data-element_type=\"section\">\n\t\t\t\t\t\t<div class=\"elementor-container elementor-column-gap-default\">\n\t\t\t\t\t\t\t<div class=\"elementor-row\">\n\t\t\t\t\t<div class=\"elementor-column elementor-col-100 elementor-top-column elementor-element elementor-element-e592553\" data-id=\"e592553\" data-element_type=\"column\">\n\t\t\t<div class=\"elementor-column-wrap elementor-element-populated\">\n\t\t\t\t\t\t\t<div class=\"elementor-widget-wrap\">\n\t\t\t\t\t\t<div class=\"elementor-element elementor-element-f26063d elementor-widget elementor-widget-heading\" data-id=\"f26063d\" data-element_type=\"widget\" data-widget_type=\"heading.default\">\n\t\t\t\t<div class=\"elementor-widget-container\">\n\t\t\t<h2 class=\"elementor-heading-title elementor-size-default\">MT Queer faz hist\u00f3ria na Copa do Mundo das Web S\u00e9ries em New Jersey e conquista pr\u00eamio internacional<\/h2>\t\t<\/div>\n\t\t\t\t<\/div>\n\t\t\t\t\t\t<\/div>\n\t\t\t\t\t<\/div>\n\t\t<\/div>\n\t\t\t\t\t\t\t\t<\/div>\n\t\t\t\t\t<\/div>\n\t\t<\/section>\n\t\t\t\t<section class=\"elementor-section elementor-top-section elementor-element elementor-element-59b06a2 elementor-section-boxed elementor-section-height-default elementor-section-height-default\" data-id=\"59b06a2\" data-element_type=\"section\">\n\t\t\t\t\t\t<div class=\"elementor-container elementor-column-gap-default\">\n\t\t\t\t\t\t\t<div class=\"elementor-row\">\n\t\t\t\t\t<div class=\"elementor-column elementor-col-100 elementor-top-column elementor-element elementor-element-fdb6a8f\" data-id=\"fdb6a8f\" data-element_type=\"column\">\n\t\t\t<div class=\"elementor-column-wrap elementor-element-populated\">\n\t\t\t\t\t\t\t<div class=\"elementor-widget-wrap\">\n\t\t\t\t\t\t<div class=\"elementor-element elementor-element-89cc372 elementor-widget elementor-widget-image\" data-id=\"89cc372\" data-element_type=\"widget\" data-widget_type=\"image.default\">\n\t\t\t\t<div class=\"elementor-widget-container\">\n\t\t\t\t\t\t\t\t<div class=\"elementor-image\">\n\t\t\t\t\t\t\t\t\t\t\t\t<img decoding=\"async\" src=\"https:\/\/www.mtcriativo.mt.gov.br\/wp-content\/uploads\/2024\/10\/Snapinsta.app_461693913_571277238660037_5191294462993042308_n_1080.jpg\" title=\"Snapinsta.app_461693913_571277238660037_5191294462993042308_n_1080\" alt=\"Snapinsta.app_461693913_571277238660037_5191294462993042308_n_1080\" \/>\t\t\t\t\t\t\t\t\t\t\t\t\t\t<\/div>\n\t\t\t\t\t\t<\/div>\n\t\t\t\t<\/div>\n\t\t\t\t\t\t<\/div>\n\t\t\t\t\t<\/div>\n\t\t<\/div>\n\t\t\t\t\t\t\t\t<\/div>\n\t\t\t\t\t<\/div>\n\t\t<\/section>\n\t\t\t\t<section class=\"elementor-section elementor-top-section elementor-element elementor-element-a7eb6ad elementor-section-boxed elementor-section-height-default elementor-section-height-default\" data-id=\"a7eb6ad\" data-element_type=\"section\">\n\t\t\t\t\t\t<div class=\"elementor-container elementor-column-gap-default\">\n\t\t\t\t\t\t\t<div class=\"elementor-row\">\n\t\t\t\t\t<div class=\"elementor-column elementor-col-100 elementor-top-column elementor-element elementor-element-165c7b3\" data-id=\"165c7b3\" data-element_type=\"column\">\n\t\t\t<div class=\"elementor-column-wrap elementor-element-populated\">\n\t\t\t\t\t\t\t<div class=\"elementor-widget-wrap\">\n\t\t\t\t\t\t<div class=\"elementor-element elementor-element-450f343 elementor-widget elementor-widget-text-editor\" data-id=\"450f343\" data-element_type=\"widget\" data-widget_type=\"text-editor.default\">\n\t\t\t\t<div class=\"elementor-widget-container\">\n\t\t\t\t\t\t\t\t<div class=\"elementor-text-editor elementor-clearfix\">\n\t\t\t\t<p>A Associa\u00e7\u00e3o Cultural LGBTQIAPN+ de Audiovisual Matogrossense, conhecida como MT Queer, representou com orgulho o Mato Grosso e o Brasil na Copa do Mundo das Web S\u00e9ries, que aconteceu em New Jersey entre os dias 24 de agosto e 1\u00ba de setembro. A competi\u00e7\u00e3o re\u00fane produ\u00e7\u00f5es de todo o mundo, celebrando a diversidade e inova\u00e7\u00e3o no formato de web s\u00e9ries.<\/p><p>O destaque da participa\u00e7\u00e3o foi a conquista do pr\u00eamio de Outstanding Drama (Drama Excepcional), um feito que n\u00e3o s\u00f3 celebra a for\u00e7a criativa do audiovisual mato-grossense, mas tamb\u00e9m reafirma o poder das narrativas LGBTQIAPN+ no cen\u00e1rio internacional.<\/p>\t\t\t\t\t<\/div>\n\t\t\t\t\t\t<\/div>\n\t\t\t\t<\/div>\n\t\t\t\t\t\t<\/div>\n\t\t\t\t\t<\/div>\n\t\t<\/div>\n\t\t\t\t\t\t\t\t<\/div>\n\t\t\t\t\t<\/div>\n\t\t<\/section>\n\t\t\t\t<section class=\"elementor-section elementor-top-section elementor-element elementor-element-6ecb593 elementor-section-boxed elementor-section-height-default elementor-section-height-default\" data-id=\"6ecb593\" data-element_type=\"section\">\n\t\t\t\t\t\t<div class=\"elementor-container elementor-column-gap-default\">\n\t\t\t\t\t\t\t<div class=\"elementor-row\">\n\t\t\t\t\t<div class=\"elementor-column elementor-col-100 elementor-top-column elementor-element elementor-element-9828068\" data-id=\"9828068\" data-element_type=\"column\">\n\t\t\t<div class=\"elementor-column-wrap elementor-element-populated\">\n\t\t\t\t\t\t\t<div class=\"elementor-widget-wrap\">\n\t\t\t\t\t\t<div class=\"elementor-element elementor-element-9e8d2f5 elementor-widget elementor-widget-image\" data-id=\"9e8d2f5\" data-element_type=\"widget\" data-widget_type=\"image.default\">\n\t\t\t\t<div class=\"elementor-widget-container\">\n\t\t\t\t\t\t\t\t<div class=\"elementor-image\">\n\t\t\t\t\t\t\t\t\t\t\t\t<img loading=\"lazy\" decoding=\"async\" width=\"768\" height=\"960\" src=\"https:\/\/www.mtcriativo.mt.gov.br\/wp-content\/uploads\/2024\/10\/Snapinsta.app_461776257_1026223339277398_4190116973956478750_n_1080-768x960.jpg\" class=\"attachment-medium_large size-medium_large\" alt=\"\" srcset=\"https:\/\/www.mtcriativo.mt.gov.br\/wp-content\/uploads\/2024\/10\/Snapinsta.app_461776257_1026223339277398_4190116973956478750_n_1080-768x960.jpg 768w, https:\/\/www.mtcriativo.mt.gov.br\/wp-content\/uploads\/2024\/10\/Snapinsta.app_461776257_1026223339277398_4190116973956478750_n_1080-240x300.jpg 240w, https:\/\/www.mtcriativo.mt.gov.br\/wp-content\/uploads\/2024\/10\/Snapinsta.app_461776257_1026223339277398_4190116973956478750_n_1080-819x1024.jpg 819w, https:\/\/www.mtcriativo.mt.gov.br\/wp-content\/uploads\/2024\/10\/Snapinsta.app_461776257_1026223339277398_4190116973956478750_n_1080.jpg 1080w\" sizes=\"auto, (max-width: 768px) 100vw, 768px\" \/>\t\t\t\t\t\t\t\t\t\t\t\t\t\t<\/div>\n\t\t\t\t\t\t<\/div>\n\t\t\t\t<\/div>\n\t\t\t\t\t\t<\/div>\n\t\t\t\t\t<\/div>\n\t\t<\/div>\n\t\t\t\t\t\t\t\t<\/div>\n\t\t\t\t\t<\/div>\n\t\t<\/section>\n\t\t\t\t<section class=\"elementor-section elementor-top-section elementor-element elementor-element-3138f99 elementor-section-boxed elementor-section-height-default elementor-section-height-default\" data-id=\"3138f99\" data-element_type=\"section\">\n\t\t\t\t\t\t<div class=\"elementor-container elementor-column-gap-default\">\n\t\t\t\t\t\t\t<div class=\"elementor-row\">\n\t\t\t\t\t<div class=\"elementor-column elementor-col-100 elementor-top-column elementor-element elementor-element-b16e420\" data-id=\"b16e420\" data-element_type=\"column\">\n\t\t\t<div class=\"elementor-column-wrap elementor-element-populated\">\n\t\t\t\t\t\t\t<div class=\"elementor-widget-wrap\">\n\t\t\t\t\t\t<div class=\"elementor-element elementor-element-f2e1380 elementor-widget elementor-widget-text-editor\" data-id=\"f2e1380\" data-element_type=\"widget\" data-widget_type=\"text-editor.default\">\n\t\t\t\t<div class=\"elementor-widget-container\">\n\t\t\t\t\t\t\t\t<div class=\"elementor-text-editor elementor-clearfix\">\n\t\t\t\t<p>Com essa vit\u00f3ria, o MT Queer garantiu vaga direta para a pr\u00f3xima edi\u00e7\u00e3o do evento, que acontecer\u00e1 na It\u00e1lia, consolidando ainda mais sua posi\u00e7\u00e3o no circuito mundial de web s\u00e9ries.\u00a0<span style=\"background-color: var(--nv-site-bg); color: var(--nv-text-color); font-family: var(--bodyfontfamily),var(--nv-fallback-ff); font-size: var(--bodyfontsize); font-weight: var(--bodyfontweight); letter-spacing: var(--bodyletterspacing); text-transform: var(--bodytexttransform);\">Essa conquista coloca Mato Grosso no mapa da produ\u00e7\u00e3o audiovisual global e refor\u00e7a o orgulho queer que atravessa fronteiras.<\/span><\/p><p>O MT Queer n\u00e3o s\u00f3 trouxe visibilidade para a comunidade LGBTQIAPN+ brasileira, mas tamb\u00e9m mostrou ao mundo o potencial transformador das hist\u00f3rias que celebram diversidade, inclus\u00e3o e resist\u00eancia.\u00a0<span style=\"background-color: var(--nv-site-bg); color: var(--nv-text-color); font-family: var(--bodyfontfamily),var(--nv-fallback-ff); font-size: var(--bodyfontsize); font-weight: var(--bodyfontweight); letter-spacing: var(--bodyletterspacing); text-transform: var(--bodytexttransform);\">\u00c9 um momento hist\u00f3rico para o audiovisual brasileiro, e especialmente para o Mato Grosso, que v\u00ea suas produ\u00e7\u00f5es serem reconhecidas internacionalmente.<\/span><\/p>\t\t\t\t\t<\/div>\n\t\t\t\t\t\t<\/div>\n\t\t\t\t<\/div>\n\t\t\t\t\t\t<\/div>\n\t\t\t\t\t<\/div>\n\t\t<\/div>\n\t\t\t\t\t\t\t\t<\/div>\n\t\t\t\t\t<\/div>\n\t\t<\/section>\n\t\t\t\t<section class=\"elementor-section elementor-top-section elementor-element elementor-element-db1c169 elementor-section-boxed elementor-section-height-default elementor-section-height-default\" data-id=\"db1c169\" data-element_type=\"section\">\n\t\t\t\t\t\t<div class=\"elementor-container elementor-column-gap-default\">\n\t\t\t\t\t\t\t<div class=\"elementor-row\">\n\t\t\t\t\t<div class=\"elementor-column elementor-col-100 elementor-top-column elementor-element elementor-element-bdcc932\" data-id=\"bdcc932\" data-element_type=\"column\">\n\t\t\t<div class=\"elementor-column-wrap elementor-element-populated\">\n\t\t\t\t\t\t\t<div class=\"elementor-widget-wrap\">\n\t\t\t\t\t\t<div class=\"elementor-element elementor-element-541b385 elementor-widget elementor-widget-image\" data-id=\"541b385\" data-element_type=\"widget\" data-widget_type=\"image.default\">\n\t\t\t\t<div class=\"elementor-widget-container\">\n\t\t\t\t\t\t\t\t<div class=\"elementor-image\">\n\t\t\t\t\t\t\t\t\t\t\t\t<img loading=\"lazy\" decoding=\"async\" width=\"1024\" height=\"768\" src=\"https:\/\/www.mtcriativo.mt.gov.br\/wp-content\/uploads\/2024\/10\/Snapinsta.app_461651553_873541498138693_7920651969644649006_n_1080-1024x768.jpg\" class=\"attachment-large size-large\" alt=\"\" srcset=\"https:\/\/www.mtcriativo.mt.gov.br\/wp-content\/uploads\/2024\/10\/Snapinsta.app_461651553_873541498138693_7920651969644649006_n_1080-1024x768.jpg 1024w, https:\/\/www.mtcriativo.mt.gov.br\/wp-content\/uploads\/2024\/10\/Snapinsta.app_461651553_873541498138693_7920651969644649006_n_1080-300x225.jpg 300w, https:\/\/www.mtcriativo.mt.gov.br\/wp-content\/uploads\/2024\/10\/Snapinsta.app_461651553_873541498138693_7920651969644649006_n_1080-768x576.jpg 768w, https:\/\/www.mtcriativo.mt.gov.br\/wp-content\/uploads\/2024\/10\/Snapinsta.app_461651553_873541498138693_7920651969644649006_n_1080.jpg 1080w\" sizes=\"auto, (max-width: 1024px) 100vw, 1024px\" \/>\t\t\t\t\t\t\t\t\t\t\t\t\t\t<\/div>\n\t\t\t\t\t\t<\/div>\n\t\t\t\t<\/div>\n\t\t\t\t\t\t<\/div>\n\t\t\t\t\t<\/div>\n\t\t<\/div>\n\t\t\t\t\t\t\t\t<\/div>\n\t\t\t\t\t<\/div>\n\t\t<\/section>\n\t\t\t\t<section class=\"elementor-section elementor-top-section elementor-element elementor-element-9e934e7 elementor-section-boxed elementor-section-height-default elementor-section-height-default\" data-id=\"9e934e7\" data-element_type=\"section\">\n\t\t\t\t\t\t<div class=\"elementor-container elementor-column-gap-default\">\n\t\t\t\t\t\t\t<div class=\"elementor-row\">\n\t\t\t\t\t<div class=\"elementor-column elementor-col-100 elementor-top-column elementor-element elementor-element-7df54ce\" data-id=\"7df54ce\" data-element_type=\"column\">\n\t\t\t<div class=\"elementor-column-wrap elementor-element-populated\">\n\t\t\t\t\t\t\t<div class=\"elementor-widget-wrap\">\n\t\t\t\t\t\t<div class=\"elementor-element elementor-element-df9a376 elementor-widget elementor-widget-text-editor\" data-id=\"df9a376\" data-element_type=\"widget\" data-widget_type=\"text-editor.default\">\n\t\t\t\t<div class=\"elementor-widget-container\">\n\t\t\t\t\t\t\t\t<div class=\"elementor-text-editor elementor-clearfix\">\n\t\t\t\t<p>Por <b><i>Marcos Vin\u00edcius <\/i><\/b><i><b>Pinheiro<\/b><\/i><\/p>\t\t\t\t\t<\/div>\n\t\t\t\t\t\t<\/div>\n\t\t\t\t<\/div>\n\t\t\t\t<div class=\"elementor-element elementor-element-e1a2a70 elementor-widget elementor-widget-text-editor\" data-id=\"e1a2a70\" data-element_type=\"widget\" data-widget_type=\"text-editor.default\">\n\t\t\t\t<div class=\"elementor-widget-container\">\n\t\t\t\t\t\t\t\t<div class=\"elementor-text-editor elementor-clearfix\">\n\t\t\t\t<p>Fotos divulgadas atrav\u00e9s do instagram do Mt Queer &#8211; @mtqueer<\/p>\t\t\t\t\t<\/div>\n\t\t\t\t\t\t<\/div>\n\t\t\t\t<\/div>\n\t\t\t\t\t\t<\/div>\n\t\t\t\t\t<\/div>\n\t\t<\/div>\n\t\t\t\t\t\t\t\t<\/div>\n\t\t\t\t\t<\/div>\n\t\t<\/section>\n\t\t\t\t<section class=\"elementor-section elementor-top-section elementor-element elementor-element-22f5afe elementor-section-boxed elementor-section-height-default elementor-section-height-default\" data-id=\"22f5afe\" data-element_type=\"section\">\n\t\t\t\t\t\t<div class=\"elementor-container elementor-column-gap-default\">\n\t\t\t\t\t\t\t<div class=\"elementor-row\">\n\t\t\t\t\t<div class=\"elementor-column elementor-col-100 elementor-top-column elementor-element elementor-element-452183d\" data-id=\"452183d\" data-element_type=\"column\">\n\t\t\t<div class=\"elementor-column-wrap\">\n\t\t\t\t\t\t\t<div class=\"elementor-widget-wrap\">\n\t\t\t\t\t\t\t\t<\/div>\n\t\t\t\t\t<\/div>\n\t\t<\/div>\n\t\t\t\t\t\t\t\t<\/div>\n\t\t\t\t\t<\/div>\n\t\t<\/section>\n\t\t\t\t\t\t<\/div>\n\t\t\t\t\t\t<\/div>\n\t\t\t\t\t<\/div>\n\t\t","protected":false},"excerpt":{"rendered":"<p>MT Queer faz hist\u00f3ria na Copa do Mundo das Web S\u00e9ries em New Jersey e conquista pr\u00eamio internacional A Associa\u00e7\u00e3o Cultural LGBTQIAPN+ de Audiovisual Matogrossense, conhecida como MT Queer, representou&hellip;&nbsp;<a href=\"https:\/\/www.mtcriativo.mt.gov.br\/index.php\/mt-queer-faz-historia-na-copa-do-mundo-das-web-series-em-new-jersey-e-conquista-premio-internacional\/\" class=\"\" rel=\"bookmark\">Continue a ler &raquo;<span class=\"screen-reader-text\">MT Queer faz hist\u00f3ria na Copa do Mundo das Web S\u00e9ries em New Jersey e conquista pr\u00eamio internacional<\/span><\/a><\/p>\n","protected":false},"author":2,"featured_media":0,"parent":0,"menu_order":0,"comment_status":"closed","ping_status":"closed","template":"page-templates\/template-pagebuilder-full-width.php","meta":{"neve_meta_sidebar":"","neve_meta_container":"","neve_meta_enable_content_width":"","neve_meta_content_width":0,"neve_meta_title_alignment":"","neve_meta_author_avatar":"","neve_post_elements_order":"","neve_meta_disable_header":"","neve_meta_disable_footer":"","neve_meta_disable_title":"","footnotes":""},"class_list":["post-4423","page","type-page","status-publish","hentry"],"_links":{"self":[{"href":"https:\/\/www.mtcriativo.mt.gov.br\/index.php\/wp-json\/wp\/v2\/pages\/4423","targetHints":{"allow":["GET"]}}],"collection":[{"href":"https:\/\/www.mtcriativo.mt.gov.br\/index.php\/wp-json\/wp\/v2\/pages"}],"about":[{"href":"https:\/\/www.mtcriativo.mt.gov.br\/index.php\/wp-json\/wp\/v2\/types\/page"}],"author":[{"embeddable":true,"href":"https:\/\/www.mtcriativo.mt.gov.br\/index.php\/wp-json\/wp\/v2\/users\/2"}],"replies":[{"embeddable":true,"href":"https:\/\/www.mtcriativo.mt.gov.br\/index.php\/wp-json\/wp\/v2\/comments?post=4423"}],"version-history":[{"count":7,"href":"https:\/\/www.mtcriativo.mt.gov.br\/index.php\/wp-json\/wp\/v2\/pages\/4423\/revisions"}],"predecessor-version":[{"id":4433,"href":"https:\/\/www.mtcriativo.mt.gov.br\/index.php\/wp-json\/wp\/v2\/pages\/4423\/revisions\/4433"}],"wp:attachment":[{"href":"https:\/\/www.mtcriativo.mt.gov.br\/index.php\/wp-json\/wp\/v2\/media?parent=4423"}],"curies":[{"name":"wp","href":"https:\/\/api.w.org\/{rel}","templated":true}]}}