{"id":686,"date":"2020-07-08T12:00:33","date_gmt":"2020-07-08T15:00:33","guid":{"rendered":"http:\/\/www.mtcriativo.mt.gov.br\/?page_id=686"},"modified":"2024-04-10T17:24:46","modified_gmt":"2024-04-10T21:24:46","slug":"noticias","status":"publish","type":"page","link":"https:\/\/www.mtcriativo.mt.gov.br\/index.php\/noticias\/","title":{"rendered":"Not\u00edcias"},"content":{"rendered":"\t\t<div data-elementor-type=\"wp-page\" data-elementor-id=\"686\" class=\"elementor elementor-686\" data-elementor-settings=\"[]\">\n\t\t\t\t\t\t<div class=\"elementor-inner\">\n\t\t\t\t\t\t\t<div class=\"elementor-section-wrap\">\n\t\t\t\t\t\t\t<section class=\"elementor-section elementor-top-section elementor-element elementor-element-11dbf960 elementor-section-boxed elementor-section-height-default elementor-section-height-default\" data-id=\"11dbf960\" data-element_type=\"section\" data-settings=\"{&quot;background_background&quot;:&quot;classic&quot;}\">\n\t\t\t\t\t\t\t<div class=\"elementor-background-overlay\"><\/div>\n\t\t\t\t\t\t\t<div class=\"elementor-container elementor-column-gap-default\">\n\t\t\t\t\t\t\t<div class=\"elementor-row\">\n\t\t\t\t\t<div class=\"elementor-column elementor-col-100 elementor-top-column elementor-element elementor-element-7f1ff5cc\" data-id=\"7f1ff5cc\" data-element_type=\"column\">\n\t\t\t<div class=\"elementor-column-wrap elementor-element-populated\">\n\t\t\t\t\t\t\t<div class=\"elementor-widget-wrap\">\n\t\t\t\t\t\t<section class=\"elementor-section elementor-inner-section elementor-element elementor-element-447f2999 elementor-section-boxed elementor-section-height-default elementor-section-height-default\" data-id=\"447f2999\" data-element_type=\"section\">\n\t\t\t\t\t\t<div class=\"elementor-container elementor-column-gap-default\">\n\t\t\t\t\t\t\t<div class=\"elementor-row\">\n\t\t\t\t\t<div class=\"elementor-column elementor-col-100 elementor-inner-column elementor-element elementor-element-1837991e\" data-id=\"1837991e\" data-element_type=\"column\">\n\t\t\t<div class=\"elementor-column-wrap elementor-element-populated\">\n\t\t\t\t\t\t\t<div class=\"elementor-widget-wrap\">\n\t\t\t\t\t\t<div class=\"elementor-element elementor-element-7b1c6ab5 elementor-widget elementor-widget-spacer\" data-id=\"7b1c6ab5\" data-element_type=\"widget\" data-widget_type=\"spacer.default\">\n\t\t\t\t<div class=\"elementor-widget-container\">\n\t\t\t\t\t<div class=\"elementor-spacer\">\n\t\t\t<div class=\"elementor-spacer-inner\"><\/div>\n\t\t<\/div>\n\t\t\t\t<\/div>\n\t\t\t\t<\/div>\n\t\t\t\t<div class=\"elementor-element elementor-element-11bab5ab elementor-widget elementor-widget-heading\" data-id=\"11bab5ab\" data-element_type=\"widget\" data-widget_type=\"heading.default\">\n\t\t\t\t<div class=\"elementor-widget-container\">\n\t\t\t<h1 class=\"elementor-heading-title elementor-size-default\">Not\u00edcias<\/h1>\t\t<\/div>\n\t\t\t\t<\/div>\n\t\t\t\t<div class=\"elementor-element elementor-element-3e2ded21 elementor-widget elementor-widget-spacer\" data-id=\"3e2ded21\" data-element_type=\"widget\" data-widget_type=\"spacer.default\">\n\t\t\t\t<div class=\"elementor-widget-container\">\n\t\t\t\t\t<div class=\"elementor-spacer\">\n\t\t\t<div class=\"elementor-spacer-inner\"><\/div>\n\t\t<\/div>\n\t\t\t\t<\/div>\n\t\t\t\t<\/div>\n\t\t\t\t\t\t<\/div>\n\t\t\t\t\t<\/div>\n\t\t<\/div>\n\t\t\t\t\t\t\t\t<\/div>\n\t\t\t\t\t<\/div>\n\t\t<\/section>\n\t\t\t\t\t\t<\/div>\n\t\t\t\t\t<\/div>\n\t\t<\/div>\n\t\t\t\t\t\t\t\t<\/div>\n\t\t\t\t\t<\/div>\n\t\t<\/section>\n\t\t\t\t<section class=\"elementor-section elementor-top-section elementor-element elementor-element-21d277e6 elementor-section-boxed elementor-section-height-default elementor-section-height-default\" data-id=\"21d277e6\" data-element_type=\"section\">\n\t\t\t\t\t\t<div class=\"elementor-container elementor-column-gap-default\">\n\t\t\t\t\t\t\t<div class=\"elementor-row\">\n\t\t\t\t\t<div class=\"elementor-column elementor-col-100 elementor-top-column elementor-element elementor-element-1d69b74c\" data-id=\"1d69b74c\" data-element_type=\"column\">\n\t\t\t<div class=\"elementor-column-wrap elementor-element-populated\">\n\t\t\t\t\t\t\t<div class=\"elementor-widget-wrap\">\n\t\t\t\t\t\t<div class=\"elementor-element elementor-element-fbeefae elementor-widget elementor-widget-obfx-posts-grid\" data-id=\"fbeefae\" data-element_type=\"widget\" data-widget_type=\"obfx-posts-grid.default\">\n\t\t\t\t<div class=\"elementor-widget-container\">\n\t\t\t<div class=\"obfx-grid\"><div class=\"obfx-grid-container obfx-grid-style-list obfx-grid-mobile-1 obfx-grid-tablet-2 obfx-grid-desktop-1\"><div class=\"obfx-grid-wrapper\"><article class=\"obfx-grid-col\"><div class=\"obfx-grid-col-image\" ><a href=\"https:\/\/www.mtcriativo.mt.gov.br\/index.php\/2026\/04\/21\/film-commission-rio-dos-bororos-consolida-polo-audiovisual-no-sudeste-de-mato-grosso\/\" title=\"Film Commission Rio dos Bororos consolida polo audiovisual no sudeste de Mato Grosso\"><img loading=\"lazy\" decoding=\"async\" width=\"3840\" height=\"2160\" src=\"https:\/\/www.mtcriativo.mt.gov.br\/wp-content\/uploads\/2026\/04\/02-FOTO-PROD-O-MENINO-E-A-SANFONA.png\" class=\"img-responsive wp-post-image\" alt=\"02 FOTO PROD &#8211; O MENINO E A SANFONA\" srcset=\"https:\/\/www.mtcriativo.mt.gov.br\/wp-content\/uploads\/2026\/04\/02-FOTO-PROD-O-MENINO-E-A-SANFONA.png 3840w, https:\/\/www.mtcriativo.mt.gov.br\/wp-content\/uploads\/2026\/04\/02-FOTO-PROD-O-MENINO-E-A-SANFONA-300x169.png 300w, https:\/\/www.mtcriativo.mt.gov.br\/wp-content\/uploads\/2026\/04\/02-FOTO-PROD-O-MENINO-E-A-SANFONA-1024x576.png 1024w, https:\/\/www.mtcriativo.mt.gov.br\/wp-content\/uploads\/2026\/04\/02-FOTO-PROD-O-MENINO-E-A-SANFONA-768x432.png 768w, https:\/\/www.mtcriativo.mt.gov.br\/wp-content\/uploads\/2026\/04\/02-FOTO-PROD-O-MENINO-E-A-SANFONA-1536x864.png 1536w, https:\/\/www.mtcriativo.mt.gov.br\/wp-content\/uploads\/2026\/04\/02-FOTO-PROD-O-MENINO-E-A-SANFONA-2048x1152.png 2048w\" sizes=\"auto, (max-width: 3840px) 100vw, 3840px\" \/><\/a><\/div><div class=\"obfx-grid-col-content\">\t\t\t<h2 class=\"entry-title obfx-grid-title\">\n\t\t\t\t\t\t\t<a href=\"https:\/\/www.mtcriativo.mt.gov.br\/index.php\/2026\/04\/21\/film-commission-rio-dos-bororos-consolida-polo-audiovisual-no-sudeste-de-mato-grosso\/\" title=\"Film Commission Rio dos Bororos consolida polo audiovisual no sudeste de Mato Grosso\">\n\t\t\t\t\tFilm Commission Rio dos Bororos consolida polo audiovisual no sudeste de Mato Grosso\t\t\t\t<\/a>\n\t\t\t\t\t\t\t<\/h2>\n\t\t\t\t\t\t\t<div class=\"entry-meta obfx-grid-meta\">\n\n\t\t\t\t\t\t\t\t\t\t\t\t\t<span class=\"obfx-grid-date\">\n\t\t\t\t\t\t\t\t\t21 de abril de 2026\t\t\t\t\t\t\t\t<\/span>\n\t\t\t\t\t\t\t\t\n\t\t\t\t<\/div>\n\t\t\t\t\t\t\t<div class=\"entry-content obfx-grid-content\">\n\t\t\t\t\u00a0 \u00a0 Film Commission Rio dos Bororos consolida polo audiovisual no sudeste de Mato Grosso \u00a0 Iniciativa viabilizada pelo Edital MT Criativo&hellip;\t\t\t<\/div>\n\t\t\t<\/div><\/article><\/div><div class=\"obfx-grid-wrapper\"><article class=\"obfx-grid-col\"><div class=\"obfx-grid-col-image\" ><a href=\"https:\/\/www.mtcriativo.mt.gov.br\/index.php\/2026\/04\/14\/projeto-identidade-mt-esta-com-inscricoes-abertas-para-fortalecer-marcas-criativas-em-mato-grosso\/\" title=\"Projeto \u201cIdentidade MT\u201d est\u00e1 com inscri\u00e7\u00f5es abertas para fortalecer marcas criativas em Mato Grosso\"><img loading=\"lazy\" decoding=\"async\" width=\"1920\" height=\"1080\" src=\"https:\/\/www.mtcriativo.mt.gov.br\/wp-content\/uploads\/2026\/04\/ID-MT.png\" class=\"img-responsive wp-post-image\" alt=\"ID MT\" srcset=\"https:\/\/www.mtcriativo.mt.gov.br\/wp-content\/uploads\/2026\/04\/ID-MT.png 1920w, https:\/\/www.mtcriativo.mt.gov.br\/wp-content\/uploads\/2026\/04\/ID-MT-300x169.png 300w, https:\/\/www.mtcriativo.mt.gov.br\/wp-content\/uploads\/2026\/04\/ID-MT-1024x576.png 1024w, https:\/\/www.mtcriativo.mt.gov.br\/wp-content\/uploads\/2026\/04\/ID-MT-768x432.png 768w, https:\/\/www.mtcriativo.mt.gov.br\/wp-content\/uploads\/2026\/04\/ID-MT-1536x864.png 1536w\" sizes=\"auto, (max-width: 1920px) 100vw, 1920px\" \/><\/a><\/div><div class=\"obfx-grid-col-content\">\t\t\t<h2 class=\"entry-title obfx-grid-title\">\n\t\t\t\t\t\t\t<a href=\"https:\/\/www.mtcriativo.mt.gov.br\/index.php\/2026\/04\/14\/projeto-identidade-mt-esta-com-inscricoes-abertas-para-fortalecer-marcas-criativas-em-mato-grosso\/\" title=\"Projeto \u201cIdentidade MT\u201d est\u00e1 com inscri\u00e7\u00f5es abertas para fortalecer marcas criativas em Mato Grosso\">\n\t\t\t\t\tProjeto \u201cIdentidade MT\u201d est\u00e1 com inscri\u00e7\u00f5es abertas para fortalecer marcas criativas em Mato Grosso\t\t\t\t<\/a>\n\t\t\t\t\t\t\t<\/h2>\n\t\t\t\t\t\t\t<div class=\"entry-meta obfx-grid-meta\">\n\n\t\t\t\t\t\t\t\t\t\t\t\t\t<span class=\"obfx-grid-date\">\n\t\t\t\t\t\t\t\t\t14 de abril de 2026\t\t\t\t\t\t\t\t<\/span>\n\t\t\t\t\t\t\t\t\n\t\t\t\t<\/div>\n\t\t\t\t\t\t\t<div class=\"entry-content obfx-grid-content\">\n\t\t\t\t\u00a0 Projeto \u201cIdentidade MT\u201d est\u00e1 com inscri\u00e7\u00f5es abertas para fortalecer marcas criativas em Mato Grosso Iniciativa selecionada pelo Edital MT Criativo (Secel-MT)&hellip;\t\t\t<\/div>\n\t\t\t<\/div><\/article><\/div><div class=\"obfx-grid-wrapper\"><article class=\"obfx-grid-col\"><div class=\"obfx-grid-col-image\" ><a href=\"https:\/\/www.mtcriativo.mt.gov.br\/index.php\/2026\/03\/30\/fluxo-2026-secel-mt-inicia-mobilizacao-regional-para-construcao-do-novo-plano-estadual-de-cultura\/\" title=\"Fluxo 2026: Secel-MT inicia mobiliza\u00e7\u00e3o regional para constru\u00e7\u00e3o do novo Plano Estadual de Cultura\"><img loading=\"lazy\" decoding=\"async\" width=\"695\" height=\"448\" src=\"https:\/\/www.mtcriativo.mt.gov.br\/wp-content\/uploads\/2026\/03\/WhatsApp-Image-2026-03-27-at-11.39.59-e1774877404733.jpeg\" class=\"img-responsive wp-post-image\" alt=\"WhatsApp Image 2026-03-27 at 11.39.59\" srcset=\"https:\/\/www.mtcriativo.mt.gov.br\/wp-content\/uploads\/2026\/03\/WhatsApp-Image-2026-03-27-at-11.39.59-e1774877404733.jpeg 695w, https:\/\/www.mtcriativo.mt.gov.br\/wp-content\/uploads\/2026\/03\/WhatsApp-Image-2026-03-27-at-11.39.59-e1774877404733-300x193.jpeg 300w\" sizes=\"auto, (max-width: 695px) 100vw, 695px\" \/><\/a><\/div><div class=\"obfx-grid-col-content\">\t\t\t<h2 class=\"entry-title obfx-grid-title\">\n\t\t\t\t\t\t\t<a href=\"https:\/\/www.mtcriativo.mt.gov.br\/index.php\/2026\/03\/30\/fluxo-2026-secel-mt-inicia-mobilizacao-regional-para-construcao-do-novo-plano-estadual-de-cultura\/\" title=\"Fluxo 2026: Secel-MT inicia mobiliza\u00e7\u00e3o regional para constru\u00e7\u00e3o do novo Plano Estadual de Cultura\">\n\t\t\t\t\tFluxo 2026: Secel-MT inicia mobiliza\u00e7\u00e3o regional para constru\u00e7\u00e3o do novo Plano Estadual de Cultura\t\t\t\t<\/a>\n\t\t\t\t\t\t\t<\/h2>\n\t\t\t\t\t\t\t<div class=\"entry-meta obfx-grid-meta\">\n\n\t\t\t\t\t\t\t\t\t\t\t\t\t<span class=\"obfx-grid-date\">\n\t\t\t\t\t\t\t\t\t30 de mar\u00e7o de 2026\t\t\t\t\t\t\t\t<\/span>\n\t\t\t\t\t\t\t\t\n\t\t\t\t<\/div>\n\t\t\t\t\t\t\t<div class=\"entry-content obfx-grid-content\">\n\t\t\t\t\u00a0 Fluxo 2026: Secel-MT inicia mobiliza\u00e7\u00e3o regional para constru\u00e7\u00e3o do novo Plano Estadual de Cultura \u00a0 Com inscri\u00e7\u00f5es abertas, caravana percorre o&hellip;\t\t\t<\/div>\n\t\t\t<\/div><\/article><\/div><div class=\"obfx-grid-wrapper\"><article class=\"obfx-grid-col\"><div class=\"obfx-grid-col-image\" ><a href=\"https:\/\/www.mtcriativo.mt.gov.br\/index.php\/2026\/03\/30\/vitrine-mt-criativo-novo-canal-busca-acessibilizar-a-divulgacao-de-projetos-e-parcerias\/\" title=\"Vitrine MT Criativo: Novo canal busca acessibilizar a divulga\u00e7\u00e3o de projetos e parcerias\"><img loading=\"lazy\" decoding=\"async\" width=\"2560\" height=\"1707\" src=\"https:\/\/www.mtcriativo.mt.gov.br\/wp-content\/uploads\/2026\/03\/vitrine-cultural-scaled.jpg\" class=\"img-responsive wp-post-image\" alt=\"vitrine cultural\" srcset=\"https:\/\/www.mtcriativo.mt.gov.br\/wp-content\/uploads\/2026\/03\/vitrine-cultural-scaled.jpg 2560w, https:\/\/www.mtcriativo.mt.gov.br\/wp-content\/uploads\/2026\/03\/vitrine-cultural-300x200.jpg 300w, https:\/\/www.mtcriativo.mt.gov.br\/wp-content\/uploads\/2026\/03\/vitrine-cultural-1024x683.jpg 1024w, https:\/\/www.mtcriativo.mt.gov.br\/wp-content\/uploads\/2026\/03\/vitrine-cultural-768x512.jpg 768w, https:\/\/www.mtcriativo.mt.gov.br\/wp-content\/uploads\/2026\/03\/vitrine-cultural-1536x1024.jpg 1536w, https:\/\/www.mtcriativo.mt.gov.br\/wp-content\/uploads\/2026\/03\/vitrine-cultural-2048x1365.jpg 2048w, https:\/\/www.mtcriativo.mt.gov.br\/wp-content\/uploads\/2026\/03\/vitrine-cultural-930x620.jpg 930w\" sizes=\"auto, (max-width: 2560px) 100vw, 2560px\" \/><\/a><\/div><div class=\"obfx-grid-col-content\">\t\t\t<h2 class=\"entry-title obfx-grid-title\">\n\t\t\t\t\t\t\t<a href=\"https:\/\/www.mtcriativo.mt.gov.br\/index.php\/2026\/03\/30\/vitrine-mt-criativo-novo-canal-busca-acessibilizar-a-divulgacao-de-projetos-e-parcerias\/\" title=\"Vitrine MT Criativo: Novo canal busca acessibilizar a divulga\u00e7\u00e3o de projetos e parcerias\">\n\t\t\t\t\tVitrine MT Criativo: Novo canal busca acessibilizar a divulga\u00e7\u00e3o de projetos e parcerias\t\t\t\t<\/a>\n\t\t\t\t\t\t\t<\/h2>\n\t\t\t\t\t\t\t<div class=\"entry-meta obfx-grid-meta\">\n\n\t\t\t\t\t\t\t\t\t\t\t\t\t<span class=\"obfx-grid-date\">\n\t\t\t\t\t\t\t\t\t30 de mar\u00e7o de 2026\t\t\t\t\t\t\t\t<\/span>\n\t\t\t\t\t\t\t\t\n\t\t\t\t<\/div>\n\t\t\t\t\t\t\t<div class=\"entry-content obfx-grid-content\">\n\t\t\t\t\u00a0 \u00a0 Vitrine MT Criativo: Novo canal busca acessibilizar a divulga\u00e7\u00e3o de projetos e parcerias \u00a0 Com foco em democratizar o acesso&hellip;\t\t\t<\/div>\n\t\t\t<\/div><\/article><\/div><div class=\"obfx-grid-wrapper\"><article class=\"obfx-grid-col\"><div class=\"obfx-grid-col-image\" ><a href=\"https:\/\/www.mtcriativo.mt.gov.br\/index.php\/2026\/03\/27\/ultimo-dia-theatro-furia-encerra-hoje-27-inscricoes-para-centro-de-formacao-e-novo-elenco-em-cuiaba\/\" title=\"\u00daLTIMO DIA: Theatro F\u00faria encerra hoje (27) inscri\u00e7\u00f5es para centro de forma\u00e7\u00e3o e novo elenco em Cuiab\u00e1\"><img loading=\"lazy\" decoding=\"async\" width=\"1417\" height=\"935\" src=\"https:\/\/www.mtcriativo.mt.gov.br\/wp-content\/uploads\/2026\/03\/Caixa-Magica-Prototipo-Primeira-formacao-do-elenco-do-Theatro-Furia-nos-anos-2000.jpeg\" class=\"img-responsive wp-post-image\" alt=\"Caixa M\u00e1gica Prot\u00f3tipo &#8211; Primeira forma\u00e7\u00e3o do elenco do Theatro F\u00faria nos anos 2000\" srcset=\"https:\/\/www.mtcriativo.mt.gov.br\/wp-content\/uploads\/2026\/03\/Caixa-Magica-Prototipo-Primeira-formacao-do-elenco-do-Theatro-Furia-nos-anos-2000.jpeg 1417w, https:\/\/www.mtcriativo.mt.gov.br\/wp-content\/uploads\/2026\/03\/Caixa-Magica-Prototipo-Primeira-formacao-do-elenco-do-Theatro-Furia-nos-anos-2000-300x198.jpeg 300w, https:\/\/www.mtcriativo.mt.gov.br\/wp-content\/uploads\/2026\/03\/Caixa-Magica-Prototipo-Primeira-formacao-do-elenco-do-Theatro-Furia-nos-anos-2000-1024x676.jpeg 1024w, https:\/\/www.mtcriativo.mt.gov.br\/wp-content\/uploads\/2026\/03\/Caixa-Magica-Prototipo-Primeira-formacao-do-elenco-do-Theatro-Furia-nos-anos-2000-768x507.jpeg 768w\" sizes=\"auto, (max-width: 1417px) 100vw, 1417px\" \/><\/a><\/div><div class=\"obfx-grid-col-content\">\t\t\t<h2 class=\"entry-title obfx-grid-title\">\n\t\t\t\t\t\t\t<a href=\"https:\/\/www.mtcriativo.mt.gov.br\/index.php\/2026\/03\/27\/ultimo-dia-theatro-furia-encerra-hoje-27-inscricoes-para-centro-de-formacao-e-novo-elenco-em-cuiaba\/\" title=\"\u00daLTIMO DIA: Theatro F\u00faria encerra hoje (27) inscri\u00e7\u00f5es para centro de forma\u00e7\u00e3o e novo elenco em Cuiab\u00e1\">\n\t\t\t\t\t\u00daLTIMO DIA: Theatro F\u00faria encerra hoje (27) inscri\u00e7\u00f5es para centro de forma\u00e7\u00e3o e novo elenco em Cuiab\u00e1\t\t\t\t<\/a>\n\t\t\t\t\t\t\t<\/h2>\n\t\t\t\t\t\t\t<div class=\"entry-meta obfx-grid-meta\">\n\n\t\t\t\t\t\t\t\t\t\t\t\t\t<span class=\"obfx-grid-date\">\n\t\t\t\t\t\t\t\t\t27 de mar\u00e7o de 2026\t\t\t\t\t\t\t\t<\/span>\n\t\t\t\t\t\t\t\t\n\t\t\t\t<\/div>\n\t\t\t\t\t\t\t<div class=\"entry-content obfx-grid-content\">\n\t\t\t\t\u00daLTIMO DIA: Theatro F\u00faria encerra hoje (27) inscri\u00e7\u00f5es para centro de forma\u00e7\u00e3o e novo elenco em Cuiab\u00e1 \u00a0 Com foco na t\u00e9cnica&hellip;\t\t\t<\/div>\n\t\t\t<\/div><\/article><\/div><div class=\"obfx-grid-wrapper\"><article class=\"obfx-grid-col\"><div class=\"obfx-grid-col-image\" ><a href=\"https:\/\/www.mtcriativo.mt.gov.br\/index.php\/2026\/03\/20\/lab-la-fuente-impulsiona-projetos-e-consolida-a-internacionalizacao-do-cinema-mato-grossense\/\" title=\"Lab LA Fuente impulsiona projetos e consolida a internacionaliza\u00e7\u00e3o do cinema mato-grossense\"><img loading=\"lazy\" decoding=\"async\" width=\"2560\" height=\"1707\" src=\"https:\/\/www.mtcriativo.mt.gov.br\/wp-content\/uploads\/2026\/03\/IMG_5840-scaled.jpg\" class=\"img-responsive wp-post-image\" alt=\"IMG_5840\" srcset=\"https:\/\/www.mtcriativo.mt.gov.br\/wp-content\/uploads\/2026\/03\/IMG_5840-scaled.jpg 2560w, https:\/\/www.mtcriativo.mt.gov.br\/wp-content\/uploads\/2026\/03\/IMG_5840-300x200.jpg 300w, https:\/\/www.mtcriativo.mt.gov.br\/wp-content\/uploads\/2026\/03\/IMG_5840-1024x683.jpg 1024w, https:\/\/www.mtcriativo.mt.gov.br\/wp-content\/uploads\/2026\/03\/IMG_5840-768x512.jpg 768w, https:\/\/www.mtcriativo.mt.gov.br\/wp-content\/uploads\/2026\/03\/IMG_5840-1536x1024.jpg 1536w, https:\/\/www.mtcriativo.mt.gov.br\/wp-content\/uploads\/2026\/03\/IMG_5840-2048x1365.jpg 2048w, https:\/\/www.mtcriativo.mt.gov.br\/wp-content\/uploads\/2026\/03\/IMG_5840-930x620.jpg 930w\" sizes=\"auto, (max-width: 2560px) 100vw, 2560px\" \/><\/a><\/div><div class=\"obfx-grid-col-content\">\t\t\t<h2 class=\"entry-title obfx-grid-title\">\n\t\t\t\t\t\t\t<a href=\"https:\/\/www.mtcriativo.mt.gov.br\/index.php\/2026\/03\/20\/lab-la-fuente-impulsiona-projetos-e-consolida-a-internacionalizacao-do-cinema-mato-grossense\/\" title=\"Lab LA Fuente impulsiona projetos e consolida a internacionaliza\u00e7\u00e3o do cinema mato-grossense\">\n\t\t\t\t\tLab LA Fuente impulsiona projetos e consolida a internacionaliza\u00e7\u00e3o do cinema mato-grossense\t\t\t\t<\/a>\n\t\t\t\t\t\t\t<\/h2>\n\t\t\t\t\t\t\t<div class=\"entry-meta obfx-grid-meta\">\n\n\t\t\t\t\t\t\t\t\t\t\t\t\t<span class=\"obfx-grid-date\">\n\t\t\t\t\t\t\t\t\t20 de mar\u00e7o de 2026\t\t\t\t\t\t\t\t<\/span>\n\t\t\t\t\t\t\t\t\n\t\t\t\t<\/div>\n\t\t\t\t\t\t\t<div class=\"entry-content obfx-grid-content\">\n\t\t\t\tLab LA Fuente impulsiona projetos e consolida a internacionaliza\u00e7\u00e3o do cinema mato-grossense \u00a0 Realizado em Cuiab\u00e1, laborat\u00f3rio reuniu profissionais da Am\u00e9rica Latina,&hellip;\t\t\t<\/div>\n\t\t\t<\/div><\/article><\/div>\t\t\t\t<div class=\"obfx-grid-pagination\">\n\t\t\t\t\t\t\t\t\t\t<nav class=\"pagination\">\n\t\t\t\t\t\t<span aria-current=\"page\" class=\"page-numbers current\">1<\/span>\n<a class=\"page-numbers\" href=\"https:\/\/www.mtcriativo.mt.gov.br\/index.php\/wp-json\/wp\/v2\/pages\/686\/page\/2\/\">2<\/a>\n<a class=\"page-numbers\" href=\"https:\/\/www.mtcriativo.mt.gov.br\/index.php\/wp-json\/wp\/v2\/pages\/686\/page\/3\/\">3<\/a>\n<a class=\"page-numbers\" href=\"https:\/\/www.mtcriativo.mt.gov.br\/index.php\/wp-json\/wp\/v2\/pages\/686\/page\/4\/\">4<\/a>\n<span class=\"page-numbers dots\">&hellip;<\/span>\n<a class=\"page-numbers\" href=\"https:\/\/www.mtcriativo.mt.gov.br\/index.php\/wp-json\/wp\/v2\/pages\/686\/page\/21\/\">21<\/a>\n<a class=\"next page-numbers\" href=\"https:\/\/www.mtcriativo.mt.gov.br\/index.php\/wp-json\/wp\/v2\/pages\/686\/page\/2\/\">Next<\/a>\t\t\t\t\t<\/nav>\n\t\t\t\t<\/div>\n\t\t\t\t<\/div><!-- .obfx-grid-container --><\/div><!-- .obfx-grid -->\t\t<\/div>\n\t\t\t\t<\/div>\n\t\t\t\t\t\t<\/div>\n\t\t\t\t\t<\/div>\n\t\t<\/div>\n\t\t\t\t\t\t\t\t<\/div>\n\t\t\t\t\t<\/div>\n\t\t<\/section>\n\t\t\t\t\t\t<\/div>\n\t\t\t\t\t\t<\/div>\n\t\t\t\t\t<\/div>\n\t\t","protected":false},"excerpt":{"rendered":"<p>Not\u00edcias Minist\u00e9rio da Cultura, ESPM e Equipe Panorama Setorial de Cultural Brasileira abrem oficinas para estudo do &#8220;Panorama Setorial da Cultura Brasileira&#8221; 23 de junho de 2023 AS OFICINAS SER\u00c3O&hellip;&nbsp;<a href=\"https:\/\/www.mtcriativo.mt.gov.br\/index.php\/2026\/03\/20\/lab-la-fuente-impulsiona-projetos-e-consolida-a-internacionalizacao-do-cinema-mato-grossense\/\" class=\"\" rel=\"bookmark\">Continue a ler &raquo;<span class=\"screen-reader-text\">Lab LA Fuente impulsiona projetos e consolida a internacionaliza\u00e7\u00e3o do cinema mato-grossense<\/span><\/a><\/p>\n","protected":false},"author":1,"featured_media":0,"parent":0,"menu_order":0,"comment_status":"closed","ping_status":"closed","template":"elementor_header_footer","meta":{"neve_meta_sidebar":"full-width","neve_meta_container":"","neve_meta_enable_content_width":"on","neve_meta_content_width":100,"neve_meta_title_alignment":"","neve_meta_author_avatar":"","neve_post_elements_order":"","neve_meta_disable_header":"","neve_meta_disable_footer":"","neve_meta_disable_title":"","footnotes":""},"class_list":["post-686","page","type-page","status-publish","hentry"],"_links":{"self":[{"href":"https:\/\/www.mtcriativo.mt.gov.br\/index.php\/wp-json\/wp\/v2\/pages\/686","targetHints":{"allow":["GET"]}}],"collection":[{"href":"https:\/\/www.mtcriativo.mt.gov.br\/index.php\/wp-json\/wp\/v2\/pages"}],"about":[{"href":"https:\/\/www.mtcriativo.mt.gov.br\/index.php\/wp-json\/wp\/v2\/types\/page"}],"author":[{"embeddable":true,"href":"https:\/\/www.mtcriativo.mt.gov.br\/index.php\/wp-json\/wp\/v2\/users\/1"}],"replies":[{"embeddable":true,"href":"https:\/\/www.mtcriativo.mt.gov.br\/index.php\/wp-json\/wp\/v2\/comments?post=686"}],"version-history":[{"count":38,"href":"https:\/\/www.mtcriativo.mt.gov.br\/index.php\/wp-json\/wp\/v2\/pages\/686\/revisions"}],"predecessor-version":[{"id":5405,"href":"https:\/\/www.mtcriativo.mt.gov.br\/index.php\/wp-json\/wp\/v2\/pages\/686\/revisions\/5405"}],"wp:attachment":[{"href":"https:\/\/www.mtcriativo.mt.gov.br\/index.php\/wp-json\/wp\/v2\/media?parent=686"}],"curies":[{"name":"wp","href":"https:\/\/api.w.org\/{rel}","templated":true}]}}