{"id":756,"date":"2020-07-21T17:30:32","date_gmt":"2020-07-21T20:30:32","guid":{"rendered":"http:\/\/www.mtcriativo.mt.gov.br\/?page_id=756"},"modified":"2024-04-10T16:33:29","modified_gmt":"2024-04-10T20:33:29","slug":"networking-formulario","status":"publish","type":"page","link":"https:\/\/www.mtcriativo.mt.gov.br\/index.php\/networking-formulario\/","title":{"rendered":"Empreendedores &#8211; Formul\u00e1rio de Cadastro"},"content":{"rendered":"\t\t<div data-elementor-type=\"wp-page\" data-elementor-id=\"756\" class=\"elementor elementor-756\" data-elementor-settings=\"[]\">\n\t\t\t\t\t\t<div class=\"elementor-inner\">\n\t\t\t\t\t\t\t<div class=\"elementor-section-wrap\">\n\t\t\t\t\t\t\t<section class=\"elementor-section elementor-top-section elementor-element elementor-element-31022056 elementor-section-boxed elementor-section-height-default elementor-section-height-default\" data-id=\"31022056\" data-element_type=\"section\" data-settings=\"{&quot;background_background&quot;:&quot;slideshow&quot;,&quot;background_slideshow_gallery&quot;:[{&quot;id&quot;:3931,&quot;url&quot;:&quot;https:\\\/\\\/www.mtcriativo.mt.gov.br\\\/wp-content\\\/uploads\\\/2024\\\/04\\\/tc-art-2-1.png&quot;},{&quot;id&quot;:3932,&quot;url&quot;:&quot;https:\\\/\\\/www.mtcriativo.mt.gov.br\\\/wp-content\\\/uploads\\\/2024\\\/04\\\/tc-art-2-2.png&quot;},{&quot;id&quot;:3933,&quot;url&quot;:&quot;https:\\\/\\\/www.mtcriativo.mt.gov.br\\\/wp-content\\\/uploads\\\/2024\\\/04\\\/tc-art-2-3.png&quot;}],&quot;background_slideshow_slide_duration&quot;:3000,&quot;background_slideshow_slide_transition&quot;:&quot;slide_left&quot;,&quot;background_slideshow_ken_burns&quot;:&quot;yes&quot;,&quot;background_slideshow_loop&quot;:&quot;yes&quot;,&quot;background_slideshow_transition_duration&quot;:500,&quot;background_slideshow_ken_burns_zoom_direction&quot;:&quot;in&quot;}\">\n\t\t\t\t\t\t\t<div class=\"elementor-background-overlay\"><\/div>\n\t\t\t\t\t\t\t<div class=\"elementor-container elementor-column-gap-default\">\n\t\t\t\t\t\t\t<div class=\"elementor-row\">\n\t\t\t\t\t<div class=\"elementor-column elementor-col-100 elementor-top-column elementor-element elementor-element-5cc30c81\" data-id=\"5cc30c81\" data-element_type=\"column\">\n\t\t\t<div class=\"elementor-column-wrap elementor-element-populated\">\n\t\t\t\t\t\t\t<div class=\"elementor-widget-wrap\">\n\t\t\t\t\t\t<section class=\"elementor-section elementor-inner-section elementor-element elementor-element-4e5a7b8f elementor-section-boxed elementor-section-height-default elementor-section-height-default\" data-id=\"4e5a7b8f\" data-element_type=\"section\">\n\t\t\t\t\t\t<div class=\"elementor-container elementor-column-gap-default\">\n\t\t\t\t\t\t\t<div class=\"elementor-row\">\n\t\t\t\t\t<div class=\"elementor-column elementor-col-100 elementor-inner-column elementor-element elementor-element-81d8794\" data-id=\"81d8794\" data-element_type=\"column\">\n\t\t\t<div class=\"elementor-column-wrap elementor-element-populated\">\n\t\t\t\t\t\t\t<div class=\"elementor-widget-wrap\">\n\t\t\t\t\t\t<div class=\"elementor-element elementor-element-6266569a elementor-widget elementor-widget-spacer\" data-id=\"6266569a\" data-element_type=\"widget\" data-widget_type=\"spacer.default\">\n\t\t\t\t<div class=\"elementor-widget-container\">\n\t\t\t\t\t<div class=\"elementor-spacer\">\n\t\t\t<div class=\"elementor-spacer-inner\"><\/div>\n\t\t<\/div>\n\t\t\t\t<\/div>\n\t\t\t\t<\/div>\n\t\t\t\t<div class=\"elementor-element elementor-element-1f9044f0 elementor-widget elementor-widget-heading\" data-id=\"1f9044f0\" data-element_type=\"widget\" data-widget_type=\"heading.default\">\n\t\t\t\t<div class=\"elementor-widget-container\">\n\t\t\t<h1 class=\"elementor-heading-title elementor-size-default\">CADASTRO DE EMPREENDEDORES CRIATIVOS<\/h1>\t\t<\/div>\n\t\t\t\t<\/div>\n\t\t\t\t\t\t<\/div>\n\t\t\t\t\t<\/div>\n\t\t<\/div>\n\t\t\t\t\t\t\t\t<\/div>\n\t\t\t\t\t<\/div>\n\t\t<\/section>\n\t\t\t\t\t\t<\/div>\n\t\t\t\t\t<\/div>\n\t\t<\/div>\n\t\t\t\t\t\t\t\t<\/div>\n\t\t\t\t\t<\/div>\n\t\t<\/section>\n\t\t\t\t<section class=\"elementor-section elementor-top-section elementor-element elementor-element-d1f8287 elementor-section-boxed elementor-section-height-default elementor-section-height-default\" data-id=\"d1f8287\" data-element_type=\"section\" data-settings=\"{&quot;background_background&quot;:&quot;classic&quot;}\">\n\t\t\t\t\t\t<div class=\"elementor-container elementor-column-gap-default\">\n\t\t\t\t\t\t\t<div class=\"elementor-row\">\n\t\t\t\t\t<div class=\"elementor-column elementor-col-100 elementor-top-column elementor-element elementor-element-88c4ed1\" data-id=\"88c4ed1\" data-element_type=\"column\">\n\t\t\t<div class=\"elementor-column-wrap elementor-element-populated\">\n\t\t\t\t\t\t\t<div class=\"elementor-widget-wrap\">\n\t\t\t\t\t\t<div class=\"elementor-element elementor-element-96347a3 elementor-widget elementor-widget-text-editor\" data-id=\"96347a3\" data-element_type=\"widget\" data-widget_type=\"text-editor.default\">\n\t\t\t\t<div class=\"elementor-widget-container\">\n\t\t\t\t\t\t\t\t<div class=\"elementor-text-editor elementor-clearfix\">\n\t\t\t\t<p>Este cadastro tem por objetivo conhecer e identificar os empreendedores criativos de Mato Grosso, promover networking e divulgar os empreendimentos criativos do nosso Estado. Queremos saber um pouco mais sobre voc\u00ea empreendedor e abrir um canal de comunica\u00e7\u00e3o e parcerias.<\/p>\t\t\t\t\t<\/div>\n\t\t\t\t\t\t<\/div>\n\t\t\t\t<\/div>\n\t\t\t\t\t\t<\/div>\n\t\t\t\t\t<\/div>\n\t\t<\/div>\n\t\t\t\t\t\t\t\t<\/div>\n\t\t\t\t\t<\/div>\n\t\t<\/section>\n\t\t\t\t<section class=\"elementor-section elementor-top-section elementor-element elementor-element-d6a23e8 elementor-section-boxed elementor-section-height-default elementor-section-height-default\" data-id=\"d6a23e8\" data-element_type=\"section\">\n\t\t\t\t\t\t<div class=\"elementor-container elementor-column-gap-default\">\n\t\t\t\t\t\t\t<div class=\"elementor-row\">\n\t\t\t\t\t<div class=\"elementor-column elementor-col-100 elementor-top-column elementor-element elementor-element-e2b5cf4\" data-id=\"e2b5cf4\" data-element_type=\"column\">\n\t\t\t<div class=\"elementor-column-wrap elementor-element-populated\">\n\t\t\t\t\t\t\t<div class=\"elementor-widget-wrap\">\n\t\t\t\t\t\t<div class=\"elementor-element elementor-element-a6aac52 elementor-widget elementor-widget-wp-widget-custom_html\" data-id=\"a6aac52\" data-element_type=\"widget\" data-widget_type=\"wp-widget-custom_html.default\">\n\t\t\t\t<div class=\"elementor-widget-container\">\n\t\t\t<div class=\"textwidget custom-html-widget\"><div class=\"ebd-form-wrap ebd-frontend-form-template-2\">\n    <form class=\"ebd-frontend-form\">\n        <div class=\"ebd-each-frontend-field ebd-title-sec\">\n    <label class=\"ebd-fst-title\">Seu nome ou nome do empreendimento<\/label>\n    <div class=\"ebd-field\">\n        <input type=\"text\" name=\"frontend_form[frontend_fields][directory_title]\" data-field-key=\"directory_title\" value=\"\"\/>\n    <\/div>\n<\/div>\n            <div class=\"ebd-each-frontend-field ebd-extra-custom-fld ebd-text-only-fld\">\r\n                <label>CNPJ ou CPF<\/label>\r\n                <div class=\"ebd-field\">\r\n                    <input type=\"text\" name=\"frontend_form[frontend_fields][custom_fields][_custom_field_cnpj-cpf]\" data-field-key=\"_custom_field_cnpj-cpf\" value=\"\"\/>\r\n                <\/div>\r\n            <\/div>\r\n            <div class=\"ebd-each-frontend-field ebd-category-sec\">\n    <label class=\"ebd-title-field ebd-category-field\">Segmento criativo de atua\u00e7\u00e3o<\/label>\n    <div class=\"ebd-field\">\n        <div data-field-key=\"directory_category\">\n            <label class=\"ebd-checkbox-label\"><input type=\"checkbox\" name=\"frontend_form[frontend_fields][directory_category][]\"  value=\"130\" id=\"ebd-category-130\" \/><label for=\"ebd-category-130\" >Aliment\u00edcios: Gastronomia tradicional e contempor\u00e2nea, Desenvolvimento de novos produtos, Sustentabilidade na produ\u00e7\u00e3o<\/label><\/label><label class=\"ebd-checkbox-label\"><input type=\"checkbox\" name=\"frontend_form[frontend_fields][directory_category][]\"  value=\"35\" id=\"ebd-category-35\" \/><label for=\"ebd-category-35\" >Consumo: Design, Arquitetura, Moda e Publicidade<\/label><\/label><label class=\"ebd-checkbox-label\"><input type=\"checkbox\" name=\"frontend_form[frontend_fields][directory_category][]\"  value=\"37\" id=\"ebd-category-37\" \/><label for=\"ebd-category-37\" >Cultura: Patrim\u00f4nio e Artes, M\u00fasica, Artes C\u00eanicas e Express\u00f5es Culturais<\/label><\/label><label class=\"ebd-checkbox-label\"><input type=\"checkbox\" name=\"frontend_form[frontend_fields][directory_category][]\"  value=\"36\" id=\"ebd-category-36\" \/><label for=\"ebd-category-36\" >M\u00eddias: Editorial e Audiovisual<\/label><\/label><label class=\"ebd-checkbox-label\"><input type=\"checkbox\" name=\"frontend_form[frontend_fields][directory_category][]\"  value=\"38\" id=\"ebd-category-38\" \/><label for=\"ebd-category-38\" >Tecnologia: Pesquisa e Desenvolvimento, Biotecnologia e Tecnologia da Informa\u00e7\u00e3o e Comunica\u00e7\u00e3o<\/label><\/label>        <\/div>\n    <\/div>\n<\/div>\n<div class=\"ebd-each-frontend-field ebd-tags-sec\">\n    <label class=\"ebd-title-field ebd-tags-field\">Tipo de organiza\u00e7\u00e3o<\/label>\n    <div class=\"ebd-field\">\n        <div data-field-key=\"directory_tags\">\n                                <select name=\"frontend_form[frontend_fields][directory_tags]\">\n                        <option value=\"\">Selecione o tipo de organiza\u00e7\u00e3o<\/option>\n                        <option value=\"Coletivo\" >Coletivo<\/option><option value=\"Empresa informal\" >Empresa informal<\/option><option value=\"Empresa privada com fins lucrativos\" >Empresa privada com fins lucrativos<\/option><option value=\"Empresa privada sem fins lucrativos\" >Empresa privada sem fins lucrativos<\/option><option value=\"MEI\" >MEI<\/option><option value=\"Outros\" >Outros<\/option><option value=\"Pessoa f\u00edsica\" >Pessoa f\u00edsica<\/option>                    <\/select>\n                            <\/div>\n    <\/div>\n<\/div>\n<div class=\"ebd-each-frontend-field ebd-content-sec\">\n    <label class=\"ebd-title-field ebd-content-field\">Descreva seu neg\u00f3cio<\/label>\n    <div class=\"ebd-field\">\n        <div data-field-key=\"directory_content\">\n                            <textarea name=\"frontend_form[frontend_fields][directory_content]\"><\/textarea>\n                        <\/div>\n    <\/div>\n<\/div>\n<div class=\"ebd-each-frontend-field ebd-contact-sec\">\n    <label class=\"ebd-title-field ebd-contact-field\">Contatos<\/label>\n    <div class=\"ebd-field\">\n\n                        <div class=\"ebd-sub-field ebd-email_address\">\n                    <label>Endere\u00e7o de e-mail<\/label>\n                    <div class=\"ebd-field\">\n                        <input type=\"text\" name=\"frontend_form[frontend_fields][contact_information][email_address]\" data-field-key=\"email_address\" value=\"\"\/>\n                    <\/div>\n                <\/div>\n                                <div class=\"ebd-sub-field ebd-website\">\n                    <label>Website<\/label>\n                    <div class=\"ebd-field\">\n                        <input type=\"text\" name=\"frontend_form[frontend_fields][contact_information][website]\" data-field-key=\"website\" value=\"\"\/>\n                    <\/div>\n                <\/div>\n                                <div class=\"ebd-sub-field ebd-phone_number\">\n                    <label>Telefone<\/label>\n                    <div class=\"ebd-field\">\n                        <input type=\"text\" name=\"frontend_form[frontend_fields][contact_information][phone_number]\" data-field-key=\"phone_number\" value=\"\"\/>\n                    <\/div>\n                <\/div>\n                    <\/div>\n<\/div>\n<div class=\"ebd-each-frontend-field ebd-location-sec\">\n    <label class=\"ebd-title-field ebd-location-field\">Localiza\u00e7\u00e3o<\/label>\n    <div class=\"ebd-field\">\n                <div class=\"ebd-sub-field-wrap\">\n                                <div class=\"ebd-sub-field\">\n                        <label>Endere\u00e7o completo<\/label>\n                        <div class=\"ebd-field\">\n                            <input type=\"text\" name=\"frontend_form[frontend_fields][location_information][address]\" data-field-key=\"address\" value=\"\"\/>\n                        <\/div>\n                    <\/div>\n                            <\/div>\n    <\/div>\n<\/div><div class=\"ebd-each-frontend-field ebd-social-sec\">\n    <label class=\"ebd-title-field ebd-social-field\">Redes Sociais (digitar o endere\u00e7o completo)<\/label>\n    <div class=\"ebd-field\">\n\n                        <div class=\"ebd-sub-field ebd-social-facebook\">\n                    <label>Facebook<\/label>\n                    <div class=\"ebd-field\">\n                        <input type=\"text\" name=\"frontend_form[frontend_fields][social_information][facebook]\" data-field-key=\"facebook\" value=\"\"\/>\n                    <\/div>\n                <\/div>\n                                <div class=\"ebd-sub-field ebd-social-twitter\">\n                    <label>Twitter<\/label>\n                    <div class=\"ebd-field\">\n                        <input type=\"text\" name=\"frontend_form[frontend_fields][social_information][twitter]\" data-field-key=\"twitter\" value=\"\"\/>\n                    <\/div>\n                <\/div>\n                                <div class=\"ebd-sub-field ebd-social-instagram\">\n                    <label>Instagram<\/label>\n                    <div class=\"ebd-field\">\n                        <input type=\"text\" name=\"frontend_form[frontend_fields][social_information][instagram]\" data-field-key=\"instagram\" value=\"\"\/>\n                    <\/div>\n                <\/div>\n                                <div class=\"ebd-sub-field ebd-social-youtube\">\n                    <label>Youtube<\/label>\n                    <div class=\"ebd-field\">\n                        <input type=\"text\" name=\"frontend_form[frontend_fields][social_information][youtube]\" data-field-key=\"youtube\" value=\"\"\/>\n                    <\/div>\n                <\/div>\n                                <div class=\"ebd-sub-field ebd-social-linkedin\">\n                    <label>Linkedin<\/label>\n                    <div class=\"ebd-field\">\n                        <input type=\"text\" name=\"frontend_form[frontend_fields][social_information][linkedin]\" data-field-key=\"linkedin\" value=\"\"\/>\n                    <\/div>\n                <\/div>\n                    <\/div>\n<\/div><div class=\"ebd-each-frontend-field ebd-image-sec\">\r\n    <label class=\"ebd-title-field ebd-image-field\">Imagem do perfil (foto\/logomarca)<\/label>\r\n    <div class=\"ebd-field\">\r\n        <div class=\"ebd-directory-image ebd-file-uploader\"\r\n             data-max-upload-size=\"4000000\"\r\n             data-upload-label=\"Upload\"\r\n             data-multiple-upload-error-message=\"\"\r\n             data-extension-error-message=\"\"\r\n             id=\"ebd-uploader-9237\">\r\n        <\/div>\r\n        <input type=\"hidden\" name=\"frontend_form[frontend_fields][directory_image]\" class=\"ebd-uploaded-files\" data-field-key=\"directory_image\" value=\"\"\/>\r\n    <\/div>\r\n    <div class=\"ebd-file-preview\">\r\n            <\/div>\r\n<\/div>            <div class=\"ebd-each-frontend-field ebd-extra-custom-fld\">\r\n                <label>Gostaria de receber informa\u00e7\u00f5es do nosso canal?<\/label>\r\n                <div class=\"ebd-field\">\r\n                    <div class=\"ebd-options-wrap\"  data-field-key=\"_custom_field_receber-informacoes-canal\">\r\n                                                        <label class=\"ebd-opt-main-sc\"><input type=\"radio\" name=\"frontend_form[frontend_fields][custom_fields][_custom_field_receber-informacoes-canal]\" value=\"Sim\" id=\"ebd-option-_custom_field_receber-informacoes-canal-0\" \/><label for=\"ebd-option-_custom_field_receber-informacoes-canal-0\">Sim<\/label><\/label>\r\n                                                                <label class=\"ebd-opt-main-sc\"><input type=\"radio\" name=\"frontend_form[frontend_fields][custom_fields][_custom_field_receber-informacoes-canal]\" value=\"N\u00e3o\" id=\"ebd-option-_custom_field_receber-informacoes-canal-1\" \/><label for=\"ebd-option-_custom_field_receber-informacoes-canal-1\">N\u00e3o<\/label><\/label>\r\n                                                    <\/div>\r\n                <\/div>\r\n            <\/div>\r\n                        <div class=\"ebd-each-frontend-field ebd-extra-custom-fld\">\r\n                <label><\/label>\r\n                <div class=\"ebd-field\">\r\n                    <div class=\"ebd-options-wrap\"  data-field-key=\"_custom_field_declaracao\">\r\n                                                        <label class=\"ebd-opt-main-sc\"><input type=\"checkbox\" name=\"frontend_form[frontend_fields][custom_fields][_custom_field_declaracao][]\" value=\"\" id=\"ebd-option-_custom_field_declaracao-0\" \/><label for=\"ebd-option-_custom_field_declaracao-0\">Declaro estar ciente de que ao preencher os dados do cadastro o mesmo estar\u00e1 disponibilizado para visualiza\u00e7\u00e3o no site com o objetivo de divulgar meu empreendimento e promover networking.<\/label><\/label>\r\n                                                    <\/div>\r\n                <\/div>\r\n            <\/div>\r\n                            <div class=\"ebd-each-frontend-field ebd-captcha\">\n                    <label>Nos prove que voc\u00ea n\u00e3o \u00e9 um rob\u00f4!<\/label>\n                    <div class=\"ebd-field\">\n                        <div data-field-key=\"captcha\">\n                            <div class=\"g-recaptcha\" data-sitekey=\"6Lc_QLUZAAAAAC2eT8KF_4Sp4zZWiGoolO6PZfAv\"><\/div>\n                        <\/div>\n                    <\/div>\n                <\/div>\n                \n        <div class=\"ebd-each-frontend-field ebd-submit-field\">\n            <div class=\"ebd-field\">\n                <input type=\"submit\" name=\"ebd_frontend_submit\" value=\"Enviar\"\/>\n                <input type=\"hidden\" name=\"ebd_directory_id\" value=\"\"\/>\n                <img decoding=\"async\" src=\"https:\/\/www.mtcriativo.mt.gov.br\/wp-content\/plugins\/everest-business-directory\/images\/ajax-loader.gif\" class=\"ebd-ajax-loader\" style=\"display:none; \"\/>\n            <\/div>\n        <\/div>\n        <div class=\"ebd-form-message\" style=\"display:none;\"><\/div>\n    <\/form>\n<\/div><\/div>\t\t<\/div>\n\t\t\t\t<\/div>\n\t\t\t\t\t\t<\/div>\n\t\t\t\t\t<\/div>\n\t\t<\/div>\n\t\t\t\t\t\t\t\t<\/div>\n\t\t\t\t\t<\/div>\n\t\t<\/section>\n\t\t\t\t\t\t<\/div>\n\t\t\t\t\t\t<\/div>\n\t\t\t\t\t<\/div>\n\t\t","protected":false},"excerpt":{"rendered":"<p>CADASTRO DE EMPREENDEDORES CRIATIVOS Este cadastro tem por objetivo conhecer e identificar os empreendedores criativos de Mato Grosso, promover networking e divulgar os empreendimentos criativos do nosso Estado. Queremos saber&hellip;&nbsp;<a href=\"https:\/\/www.mtcriativo.mt.gov.br\/index.php\/networking-formulario\/\" class=\"\" rel=\"bookmark\">Continue a ler &raquo;<span class=\"screen-reader-text\">Empreendedores &#8211; Formul\u00e1rio de Cadastro<\/span><\/a><\/p>\n","protected":false},"author":1,"featured_media":0,"parent":0,"menu_order":0,"comment_status":"closed","ping_status":"closed","template":"page-templates\/template-pagebuilder-full-width.php","meta":{"neve_meta_sidebar":"full-width","neve_meta_container":"","neve_meta_enable_content_width":"on","neve_meta_content_width":100,"neve_meta_title_alignment":"","neve_meta_author_avatar":"","neve_post_elements_order":"","neve_meta_disable_header":"","neve_meta_disable_footer":"","neve_meta_disable_title":"","footnotes":""},"class_list":["post-756","page","type-page","status-publish","hentry"],"_links":{"self":[{"href":"https:\/\/www.mtcriativo.mt.gov.br\/index.php\/wp-json\/wp\/v2\/pages\/756","targetHints":{"allow":["GET"]}}],"collection":[{"href":"https:\/\/www.mtcriativo.mt.gov.br\/index.php\/wp-json\/wp\/v2\/pages"}],"about":[{"href":"https:\/\/www.mtcriativo.mt.gov.br\/index.php\/wp-json\/wp\/v2\/types\/page"}],"author":[{"embeddable":true,"href":"https:\/\/www.mtcriativo.mt.gov.br\/index.php\/wp-json\/wp\/v2\/users\/1"}],"replies":[{"embeddable":true,"href":"https:\/\/www.mtcriativo.mt.gov.br\/index.php\/wp-json\/wp\/v2\/comments?post=756"}],"version-history":[{"count":37,"href":"https:\/\/www.mtcriativo.mt.gov.br\/index.php\/wp-json\/wp\/v2\/pages\/756\/revisions"}],"predecessor-version":[{"id":3967,"href":"https:\/\/www.mtcriativo.mt.gov.br\/index.php\/wp-json\/wp\/v2\/pages\/756\/revisions\/3967"}],"wp:attachment":[{"href":"https:\/\/www.mtcriativo.mt.gov.br\/index.php\/wp-json\/wp\/v2\/media?parent=756"}],"curies":[{"name":"wp","href":"https:\/\/api.w.org\/{rel}","templated":true}]}}